{"id":6862,"date":"2019-03-20T12:30:52","date_gmt":"2019-03-20T11:30:52","guid":{"rendered":"https:\/\/www.kaloo.care\/fr\/produit\/kaloo-les-amis-esel-set-100ml\/"},"modified":"2019-04-01T12:21:58","modified_gmt":"2019-04-01T10:21:58","slug":"kaloo-les-amis-ane-coffret-100ml","status":"publish","type":"product","link":"https:\/\/www.kaloo.care\/fr\/produit\/kaloo-les-amis-ane-coffret-100ml\/","title":{"rendered":"Kaloo Les Amis Ane Coffret 100ml"},"content":{"rendered":"    <div class=\"shortcode shortcode-block  \"\n        >\n        [vc_row][vc_column][vc_column_text]<strong>Ein Babyduft muss dezent und baby safe sein<\/strong>\r\n\r\nDie klinisch getesteten Duftwasser von Kaloo erf\u00fcllen die hohen Anforderungen an Babyparfums und Babyraumd\u00fcfte. Sie sind alkoholfrei, klinisch getestet und baby safe. Um den unterschiedlichen Vorlieben von Kindern und Erwachsenen gerecht zu werden, hat Kaloo mehrere dezente Duftrichtungen entwickelt. Sie verbreiten wohltuende Aromen, die Harmonie verbreiten und positiv aufs Gem\u00fct wirken.\r\n\r\nKaloo Duftwasser sind einzigartige Raumd\u00fcfte f\u00fcr S\u00e4uglings- und Kinderzimmer und bedenkenlos anzuwenden. Kaloo Duftwasser k\u00f6nnen als Raumduft oder Parfum genutzt werden.\r\n\r\n<em>\u00a0<\/em>[\/vc_column_text][\/vc_column][\/vc_row][vc_row][vc_column width=\"1\/2\"][\/vc_column][vc_column width=\"1\/2\"][vc_single_image image=\"6564\"][\/vc_column][\/vc_row]    <\/div>\n    \n","protected":false},"excerpt":{"rendered":"<p>Kaloo Les Amis est le parfum Premium de la gamme Kaloo. Constitu\u00e9 d&#8217;une c\u00e9ramique finement \u00e9labor\u00e9e, le bouchon peut vaporiser la fragrance et la diffuser ensuite d\u00e9licatement dans la chambre d&#8217;enfant. Le parfum est sans alcool, test\u00e9 cliniquement et absolument inoffensif pour b\u00e9b\u00e9. Chaque senteur est joliment empaquet\u00e9e avec une douce peluche \u00e2ne.<\/p>\n<p>&nbsp;<\/p>\n<p>&nbsp;<\/p>\n<div style=\"display: none;\">silber<\/div>\n","protected":false},"featured_media":6468,"comment_status":"closed","ping_status":"closed","template":"","meta":{"_s2mail":""},"yoast_head":"<!-- This site is optimized with the Yoast SEO plugin v16.2 - https:\/\/yoast.com\/wordpress\/plugins\/seo\/ -->\n<title>Kaloo Les Amis Ane Coffret 100ml Kaloo parfums<\/title>\n<meta name=\"description\" content=\"Kaloo Les Amis est le parfum Premium de la gamme Kaloo. Constitu\u00e9 d&#039;une c\u00e9ramique finement \u00e9labor\u00e9e, le bouchon peut vaporiser la fragrance et la diffuser..\" \/>\n<meta name=\"robots\" content=\"index, follow, max-snippet:-1, max-image-preview:large, max-video-preview:-1\" \/>\n<link rel=\"canonical\" href=\"https:\/\/www.kaloo.care\/fr\/produit\/kaloo-les-amis-ane-coffret-100ml\/\" \/>\n<meta property=\"og:locale\" content=\"fr_FR\" \/>\n<meta property=\"og:type\" content=\"article\" \/>\n<meta property=\"og:title\" content=\"Kaloo Les Amis Ane Coffret 100ml Kaloo parfums\" \/>\n<meta property=\"og:description\" content=\"Kaloo Les Amis est le parfum Premium de la gamme Kaloo. Constitu\u00e9 d&#039;une c\u00e9ramique finement \u00e9labor\u00e9e, le bouchon peut vaporiser la fragrance et la diffuser..\" \/>\n<meta property=\"og:url\" content=\"https:\/\/www.kaloo.care\/fr\/produit\/kaloo-les-amis-ane-coffret-100ml\/\" \/>\n<meta property=\"og:site_name\" content=\"Kaloo parfums\" \/>\n<meta property=\"article:modified_time\" content=\"2019-04-01T10:21:58+00:00\" \/>\n<meta property=\"og:image\" content=\"https:\/\/www.kaloo.care\/wp-content\/uploads\/2019\/03\/Kaloo_Les-Amis_Esel-Set_100ml_125.502.jpg\" \/>\n\t<meta property=\"og:image:width\" content=\"800\" \/>\n\t<meta property=\"og:image:height\" content=\"800\" \/>\n<meta name=\"twitter:card\" content=\"summary\" \/>\n<script type=\"application\/ld+json\" class=\"yoast-schema-graph\">{\"@context\":\"https:\/\/schema.org\",\"@graph\":[{\"@type\":\"WebSite\",\"@id\":\"https:\/\/www.kaloo.care\/#website\",\"url\":\"https:\/\/www.kaloo.care\/\",\"name\":\"Kaloo parfums\",\"description\":\"Kaloo parfums - mes premiers parfums\",\"potentialAction\":[{\"@type\":\"SearchAction\",\"target\":\"https:\/\/www.kaloo.care\/?s={search_term_string}\",\"query-input\":\"required name=search_term_string\"}],\"inLanguage\":\"fr-FR\"},{\"@type\":\"ImageObject\",\"@id\":\"https:\/\/www.kaloo.care\/fr\/produit\/kaloo-les-amis-ane-coffret-100ml\/#primaryimage\",\"inLanguage\":\"fr-FR\",\"url\":\"https:\/\/www.kaloo.care\/wp-content\/uploads\/2019\/03\/Kaloo_Les-Amis_Esel-Set_100ml_125.502.jpg\",\"contentUrl\":\"https:\/\/www.kaloo.care\/wp-content\/uploads\/2019\/03\/Kaloo_Les-Amis_Esel-Set_100ml_125.502.jpg\",\"width\":800,\"height\":800},{\"@type\":\"WebPage\",\"@id\":\"https:\/\/www.kaloo.care\/fr\/produit\/kaloo-les-amis-ane-coffret-100ml\/#webpage\",\"url\":\"https:\/\/www.kaloo.care\/fr\/produit\/kaloo-les-amis-ane-coffret-100ml\/\",\"name\":\"Kaloo Les Amis Ane Coffret 100ml Kaloo parfums\",\"isPartOf\":{\"@id\":\"https:\/\/www.kaloo.care\/#website\"},\"primaryImageOfPage\":{\"@id\":\"https:\/\/www.kaloo.care\/fr\/produit\/kaloo-les-amis-ane-coffret-100ml\/#primaryimage\"},\"datePublished\":\"2019-03-20T11:30:52+00:00\",\"dateModified\":\"2019-04-01T10:21:58+00:00\",\"description\":\"Kaloo Les Amis est le parfum Premium de la gamme Kaloo. Constitu\\u00e9 d'une c\\u00e9ramique finement \\u00e9labor\\u00e9e, le bouchon peut vaporiser la fragrance et la diffuser..\",\"breadcrumb\":{\"@id\":\"https:\/\/www.kaloo.care\/fr\/produit\/kaloo-les-amis-ane-coffret-100ml\/#breadcrumb\"},\"inLanguage\":\"fr-FR\",\"potentialAction\":[{\"@type\":\"ReadAction\",\"target\":[\"https:\/\/www.kaloo.care\/fr\/produit\/kaloo-les-amis-ane-coffret-100ml\/\"]}]},{\"@type\":\"BreadcrumbList\",\"@id\":\"https:\/\/www.kaloo.care\/fr\/produit\/kaloo-les-amis-ane-coffret-100ml\/#breadcrumb\",\"itemListElement\":[{\"@type\":\"ListItem\",\"position\":1,\"item\":{\"@type\":\"WebPage\",\"@id\":\"https:\/\/www.kaloo.care\/fr\/\",\"url\":\"https:\/\/www.kaloo.care\/fr\/\",\"name\":\"Home\"}},{\"@type\":\"ListItem\",\"position\":2,\"item\":{\"@type\":\"WebPage\",\"@id\":\"https:\/\/www.kaloo.care\/fr\/shop\/\",\"url\":\"https:\/\/www.kaloo.care\/fr\/shop\/\",\"name\":\"Shop\"}},{\"@type\":\"ListItem\",\"position\":3,\"item\":{\"@id\":\"https:\/\/www.kaloo.care\/fr\/produit\/kaloo-les-amis-ane-coffret-100ml\/#webpage\"}}]}]}<\/script>\n<!-- \/ Yoast SEO plugin. -->","_links":{"self":[{"href":"https:\/\/www.kaloo.care\/fr\/wp-json\/wp\/v2\/product\/6862"}],"collection":[{"href":"https:\/\/www.kaloo.care\/fr\/wp-json\/wp\/v2\/product"}],"about":[{"href":"https:\/\/www.kaloo.care\/fr\/wp-json\/wp\/v2\/types\/product"}],"replies":[{"embeddable":true,"href":"https:\/\/www.kaloo.care\/fr\/wp-json\/wp\/v2\/comments?post=6862"}],"wp:featuredmedia":[{"embeddable":true,"href":"https:\/\/www.kaloo.care\/fr\/wp-json\/wp\/v2\/media\/6468"}],"wp:attachment":[{"href":"https:\/\/www.kaloo.care\/fr\/wp-json\/wp\/v2\/media?parent=6862"}],"curies":[{"name":"wp","href":"https:\/\/api.w.org\/{rel}","templated":true}]}}