{"id":4805,"date":"2016-12-21T11:48:04","date_gmt":"2016-12-21T10:48:04","guid":{"rendered":"http:\/\/www.damari.ch\/baby-foot\/fr\/?page_id=4805"},"modified":"2019-04-01T08:16:02","modified_gmt":"2019-04-01T06:16:02","slug":"contact","status":"publish","type":"page","link":"https:\/\/www.kaloo.care\/fr\/contact\/","title":{"rendered":"Contact"},"content":{"rendered":"<p>[vc_row][vc_column][vc_column_text]Vos questions sont les bienvenues. Vous pouvez vous reporter \u00e0 notre rubrique <a href=\"https:\/\/www.kaloo.care\/fr\/faq\/\">FAQ<\/a> ou, si besoin, remplir le formulaire ci-dessous.[\/vc_column_text][\/vc_column][\/vc_row][vc_row css=&#8221;.vc_custom_1404979581947{margin-bottom: 0px !important;}&#8221;][vc_column width=&#8221;2\/3&#8243;][vc_column_text]<\/p>\n<h3 class=\"page-subheading\">N&#8217;h\u00e9sitez pas \u00e0 nous \u00e9crire<\/h3>\n<p>[\/vc_column_text]<div role=\"form\" class=\"wpcf7\" id=\"wpcf7-f5145-o1\" lang=\"de-DE\" dir=\"ltr\">\n<div class=\"screen-reader-response\"><p role=\"status\" aria-live=\"polite\" aria-atomic=\"true\"><\/p> <ul><\/ul><\/div>\n<form action=\"\/fr\/wp-json\/wp\/v2\/pages\/4805\/#wpcf7-f5145-o1\" method=\"post\" class=\"wpcf7-form init\" enctype=\"multipart\/form-data\" novalidate=\"novalidate\" data-status=\"init\">\n<div style=\"display: none;\">\n<input type=\"hidden\" name=\"_wpcf7\" value=\"5145\" \/>\n<input type=\"hidden\" name=\"_wpcf7_version\" value=\"5.4.1\" \/>\n<input type=\"hidden\" name=\"_wpcf7_locale\" value=\"de_DE\" \/>\n<input type=\"hidden\" name=\"_wpcf7_unit_tag\" value=\"wpcf7-f5145-o1\" \/>\n<input type=\"hidden\" name=\"_wpcf7_container_post\" value=\"0\" \/>\n<input type=\"hidden\" name=\"_wpcf7_posted_data_hash\" value=\"\" \/>\n<input type=\"hidden\" name=\"_wpcf7_recaptcha_response\" value=\"\" \/>\n<\/div>\n<div class=\"row\">\n<div class=\"col-lg-6 col-md-12\">\n<div class=\"row\">\n<div class=\"col-lg-12 col-md-6\">\n<p class=\"input-field\"><label for=\"contact-name\"><span class=\"fa fa-user\"><\/span>Nom<abbr title=\"required\" class=\"required\">*<\/abbr><\/label><span class=\"wpcf7-form-control-wrap your-name\"><input type=\"text\" name=\"your-name\" value=\"\" size=\"40\" class=\"wpcf7-form-control wpcf7-text wpcf7-validates-as-required\" id=\"contact-name\" aria-required=\"true\" aria-invalid=\"false\" placeholder=\"Nom\" \/><\/span><\/p>\n<p class=\"input-field\"><label for=\"contact-email\"><span class=\"fa fa-envelope\"><\/span>Email<abbr title=\"required\" class=\"required\">*<\/abbr><\/label><span class=\"wpcf7-form-control-wrap your-email\"><input type=\"email\" name=\"your-email\" value=\"\" size=\"40\" class=\"wpcf7-form-control wpcf7-text wpcf7-email wpcf7-validates-as-required wpcf7-validates-as-email\" id=\"contact-email\" aria-required=\"true\" aria-invalid=\"false\" placeholder=\"Email\" \/><\/span><\/p>\n<\/div>\n<div class=\"col-lg-12 col-md-6\">\n<p class=\"input-field\"><label for=\"contact-subject\"><span class=\"fa fa-file\"><\/span>Objet<\/label><span class=\"wpcf7-form-control-wrap your-subject\"><input type=\"text\" name=\"your-subject\" value=\"\" size=\"40\" class=\"wpcf7-form-control wpcf7-text\" id=\"contact-subject\" aria-invalid=\"false\" placeholder=\"Objet\" \/><\/span><\/p>\n<p class=\"fileUpload input-field upload-field\"><label for=\"contact-subject\"><span class=\"fa fa-upload\"><\/span>Fichier upload<\/label><input type=\"text\" id=\"contact-file-upload\" placeholder=\"Fichier upload\" disabled=\"disabled\" \/><span class=\"wpcf7-form-control-wrap file-465\"><input type=\"file\" name=\"file-465\" size=\"40\" class=\"wpcf7-form-control wpcf7-file\" id=\"contact-file\" accept=\".jpg,.jpeg,.png,.gif,.pdf,.doc,.docx,.ppt,.pptx,.odt,.avi,.ogg,.m4a,.mov,.mp3,.mp4,.mpg,.wav,.wmv\" aria-invalid=\"false\" \/><\/span><\/p>\n<\/div>\n<\/div>\n<\/div>\n<div class=\"col-lg-6 col-md-12\">\n<p class=\"textarea-field\"><label for=\"contact-message\"><span class=\"fa fa-edit\"><\/span>Votre message<\/label> <span class=\"wpcf7-form-control-wrap your-message\"><textarea name=\"your-message\" cols=\"40\" rows=\"10\" class=\"wpcf7-form-control wpcf7-textarea\" id=\"contact-message\" aria-invalid=\"false\" placeholder=\"Votre message\"><\/textarea><\/span><\/p>\n<div class=\"row\">\n<div class=\"col-sm-8\">\n\n<\/div>\n<div class=\"col-sm-4\">\n<\/div>\n<\/div>\n<p><input type=\"submit\" value=\"Envoyer\" class=\"wpcf7-form-control wpcf7-submit\" \/><\/p>\n<p>*Les champs obligatoires<\/p>\n<\/div>\n<\/div>\n<div class=\"wpcf7-response-output\" aria-hidden=\"true\"><\/div><\/form><\/div>[\/vc_column][vc_column width=&#8221;1\/3&#8243;][vc_column_text]<\/p>\n<h3>Nous sommes l\u00e0 pour vous<\/h3>\n<p>[\/vc_column_text][vc_column_text]<\/p>\n<div class=\"contact-item\">\n<div class=\"contact-icon m-t-sm\">    <span class=\"fa fa-envelope fa-  \"\n         style=\"\"><\/span>\n    <\/div>\n<div class=\"contact-item\">\n<div class=\"contact-detail\"><a href=\"mailto:info@kaloo.care\">info@kaloo.care<\/a><\/div>\n<\/div>\n<\/div>\n<p>[\/vc_column_text][\/vc_column][\/vc_row][vc_row][vc_column][vc_column_text]<\/p>\n<p>[\/vc_column_text][\/vc_column][\/vc_row]<\/p>\n","protected":false},"excerpt":{"rendered":"<p>[vc_row][vc_column][vc_column_text]Vos questions sont les bienvenues. Vous pouvez vous reporter \u00e0 notre rubrique FAQ ou, si besoin, remplir le formulaire ci-dessous.[\/vc_column_text][\/vc_column][\/vc_row][vc_row css=&#8221;.vc_custom_1404979581947{margin-bottom: 0px !important;}&#8221;][vc_column width=&#8221;2\/3&#8243;][vc_column_text] N&#8217;h\u00e9sitez pas \u00e0 nous \u00e9crire [\/vc_column_text][\/vc_column][vc_column width=&#8221;1\/3&#8243;][vc_column_text] Nous sommes l\u00e0 pour vous [\/vc_column_text][vc_column_text] info@kaloo.care [\/vc_column_text][\/vc_column][\/vc_row][vc_row][vc_column][vc_column_text] [\/vc_column_text][\/vc_column][\/vc_row]<\/p>\n","protected":false},"author":1,"featured_media":0,"parent":0,"menu_order":0,"comment_status":"closed","ping_status":"closed","template":"","meta":{"_s2mail":""},"yoast_head":"<!-- This site is optimized with the Yoast SEO plugin v16.2 - https:\/\/yoast.com\/wordpress\/plugins\/seo\/ -->\n<title>Contact Kaloo Parfums | kaloo.care<\/title>\n<meta name=\"description\" content=\"Vos questions sont les bienvenues. Vous pouvez vous reporter \u00e0 notre rubrique FAQ ou, si besoin, remplir le formulaire ci-dessous.\" \/>\n<meta name=\"robots\" content=\"index, follow, max-snippet:-1, max-image-preview:large, max-video-preview:-1\" \/>\n<link rel=\"canonical\" href=\"https:\/\/www.kaloo.care\/fr\/contact\/\" \/>\n<meta property=\"og:locale\" content=\"fr_FR\" \/>\n<meta property=\"og:type\" content=\"article\" \/>\n<meta property=\"og:title\" content=\"Contact Kaloo Parfums | kaloo.care\" \/>\n<meta property=\"og:description\" content=\"Vos questions sont les bienvenues. Vous pouvez vous reporter \u00e0 notre rubrique FAQ ou, si besoin, remplir le formulaire ci-dessous.\" \/>\n<meta property=\"og:url\" content=\"https:\/\/www.kaloo.care\/fr\/contact\/\" \/>\n<meta property=\"og:site_name\" content=\"Kaloo parfums\" \/>\n<meta property=\"article:modified_time\" content=\"2019-04-01T06:16:02+00:00\" \/>\n<meta name=\"twitter:card\" content=\"summary\" \/>\n<meta name=\"twitter:label1\" content=\"Dur\u00e9e de lecture est.\">\n\t<meta name=\"twitter:data1\" content=\"1 minute\">\n<script type=\"application\/ld+json\" class=\"yoast-schema-graph\">{\"@context\":\"https:\/\/schema.org\",\"@graph\":[{\"@type\":\"WebSite\",\"@id\":\"https:\/\/www.kaloo.care\/#website\",\"url\":\"https:\/\/www.kaloo.care\/\",\"name\":\"Kaloo parfums\",\"description\":\"Kaloo parfums - mes premiers parfums\",\"potentialAction\":[{\"@type\":\"SearchAction\",\"target\":\"https:\/\/www.kaloo.care\/?s={search_term_string}\",\"query-input\":\"required name=search_term_string\"}],\"inLanguage\":\"fr-FR\"},{\"@type\":\"WebPage\",\"@id\":\"https:\/\/www.kaloo.care\/fr\/contact\/#webpage\",\"url\":\"https:\/\/www.kaloo.care\/fr\/contact\/\",\"name\":\"Contact Kaloo Parfums | kaloo.care\",\"isPartOf\":{\"@id\":\"https:\/\/www.kaloo.care\/#website\"},\"datePublished\":\"2016-12-21T10:48:04+00:00\",\"dateModified\":\"2019-04-01T06:16:02+00:00\",\"description\":\"Vos questions sont les bienvenues. Vous pouvez vous reporter \\u00e0 notre rubrique FAQ ou, si besoin, remplir le formulaire ci-dessous.\",\"breadcrumb\":{\"@id\":\"https:\/\/www.kaloo.care\/fr\/contact\/#breadcrumb\"},\"inLanguage\":\"fr-FR\",\"potentialAction\":[{\"@type\":\"ReadAction\",\"target\":[\"https:\/\/www.kaloo.care\/fr\/contact\/\"]}]},{\"@type\":\"BreadcrumbList\",\"@id\":\"https:\/\/www.kaloo.care\/fr\/contact\/#breadcrumb\",\"itemListElement\":[{\"@type\":\"ListItem\",\"position\":1,\"item\":{\"@type\":\"WebPage\",\"@id\":\"https:\/\/www.kaloo.care\/fr\/\",\"url\":\"https:\/\/www.kaloo.care\/fr\/\",\"name\":\"Home\"}},{\"@type\":\"ListItem\",\"position\":2,\"item\":{\"@id\":\"https:\/\/www.kaloo.care\/fr\/contact\/#webpage\"}}]}]}<\/script>\n<!-- \/ Yoast SEO plugin. -->","_links":{"self":[{"href":"https:\/\/www.kaloo.care\/fr\/wp-json\/wp\/v2\/pages\/4805"}],"collection":[{"href":"https:\/\/www.kaloo.care\/fr\/wp-json\/wp\/v2\/pages"}],"about":[{"href":"https:\/\/www.kaloo.care\/fr\/wp-json\/wp\/v2\/types\/page"}],"author":[{"embeddable":true,"href":"https:\/\/www.kaloo.care\/fr\/wp-json\/wp\/v2\/users\/1"}],"replies":[{"embeddable":true,"href":"https:\/\/www.kaloo.care\/fr\/wp-json\/wp\/v2\/comments?post=4805"}],"version-history":[{"count":9,"href":"https:\/\/www.kaloo.care\/fr\/wp-json\/wp\/v2\/pages\/4805\/revisions"}],"predecessor-version":[{"id":6963,"href":"https:\/\/www.kaloo.care\/fr\/wp-json\/wp\/v2\/pages\/4805\/revisions\/6963"}],"wp:attachment":[{"href":"https:\/\/www.kaloo.care\/fr\/wp-json\/wp\/v2\/media?parent=4805"}],"curies":[{"name":"wp","href":"https:\/\/api.w.org\/{rel}","templated":true}]}}