{"id":4799,"date":"2016-12-21T11:43:26","date_gmt":"2016-12-21T10:43:26","guid":{"rendered":"http:\/\/www.damari.ch\/baby-foot\/fr\/?page_id=4799"},"modified":"2019-03-19T13:21:06","modified_gmt":"2019-03-19T12:21:06","slug":"conditions-generales","status":"publish","type":"page","link":"https:\/\/www.kaloo.care\/fr\/conditions-generales\/","title":{"rendered":"Conditions g\u00e9n\u00e9rales"},"content":{"rendered":"<p>[vc_row][vc_column][vc_column_text]<\/p>\n<h2>Conditions g\u00e9n\u00e9rales<\/h2>\n<ol>\n<ol>\n<ol>\n<li><strong>Champ d&#8217;application<\/strong><br \/>\nLes pr\u00e9sentes conditions g\u00e9n\u00e9rales s&#8217;appliquent aux relations juridiques contract\u00e9es entre Damari GmbH (ci-dessous d\u00e9sign\u00e9 comme &#8220;Damari&#8221;) et leurs clients dans le cadre d&#8217;offres dans la boutique en ligne. Le passage d&#8217;une commande comprend l&#8217;acceptation de ces conditions par le client.<br \/>\nCes dispositions sont d\u00e9finitives. Toute disposition contraire du client sera imm\u00e9diatement rejet\u00e9e. Il n&#8217;y a pas non plus d&#8217;accord pouvant aller au-del\u00e0 de ces r\u00e8glements. De pareils accords exigeraint d&#8217;\u00eatre effectivement int\u00e9gr\u00e9e sous forme \u00e9crite.<\/li>\n<li><strong>Contrat<\/strong><br \/>\nLes produits et services propos\u00e9s par Damari dans leurs catalogues et \/ ou par le biais de la boutique en ligne constituent des soumissons non contractuelles pour la souscription \u00e0 une offre par le client. \u00c0 cet \u00e9gard, les sp\u00e9cifications respectives et les d\u00e9tails des produits et services offerts par Damari ne sont pas contraignants et sans engagement.Un contrat est conclu lorsque Damari confirme une commande et \/ ou une offre du client par l&#8217;un de ces moyens :<br \/>\n\u2022 Damari envoie au client une confirmation de commande \u00e9crite, auquel cas la r\u00e9ception de la confirmation de commande par le client est pertinente<br \/>\n\u2022 Damari fournit au client les produits command\u00e9s, d\u00e8s lors l&#8217;acc\u00e8s aux biens par le client est pertinent<br \/>\n\u2022 Damari demande au client le paiement apr\u00e8s avoir accept\u00e9 sa commande.<br \/>\nSi plusieurs des possibilit\u00e9s ci-dessus sont pr\u00e9sentes, le contrat entre en vigueur au moment o\u00f9 une de ces alternatives a \u00e9t\u00e9 confirm\u00e9e en premier.<\/li>\n<li><strong>Prix<\/strong><br \/>\nLa TVA est incluse dans les prix de vente d\u00e9clar\u00e9s. Nos prix sont sujets \u00e0 modification, except\u00e9 les erreurs. Les erreurs d&#8217;impression dans le catalogue, les listes de prix ou les prix incorrects dans la boutique en ligne n&#8217;ouvrent pas de droit \u00e0 des r\u00e9clamations pour dommages. Les changements de prix vous seront communiqu\u00e9s le plus t\u00f4t possible.<\/li>\n<li><strong>Conditions de paiement <\/strong><strong><br \/>\n<\/strong>Diff\u00e9rentes possibilit\u00e9s de paiement sont mises \u00e0 la disposition du client et indiqu\u00e9es dans le magasin en ligne. Si le pr\u00e9paiement a \u00e9t\u00e9 accept\u00e9, le paiement est d\u00fb d\u00e8s la conclusion du contrat.<strong><br \/>\n<\/strong> Si vous s\u00e9lectionnez &#8220;PayPal&#8221;, le traitement des paiements est effectu\u00e9 par PayPal (Europe) S.\u00e0 r.l. Et Cie, S.C.A., 22-24 Boulevard Royal, L-2449 Luxembourg selon les conditions de service de PayPal, qui peuvent \u00eatre consult\u00e9s \u00e0 l&#8217;adresse suivante : https:\/\/www.paypal.com\/fr\/webapps\/mpp\/ua\/useragreement-full. Cela \u00e0 condition que le client ouvre un compte PayPal ou poss\u00e8de d\u00e9j\u00e0 un tel compte auquel s&#8217;identifier.<\/li>\n<li><strong>Conditions d&#8217;exp\u00e9dition et de livraison<\/strong><br \/>\nNous livrons en Europe.<br \/>\nL&#8217;utilisation du produit et la responsabilit\u00e9 sont transf\u00e9r\u00e9s au client au moment o\u00f9 les produits sont remis \u00e0 la soci\u00e9t\u00e9 mandat\u00e9e pour les transporter.<br \/>\nNos articles sont g\u00e9n\u00e9ralement toujours en stock et nous livrons rapidement.<br \/>\nLa livraison des produits est effectu\u00e9e r\u00e9guli\u00e8rement sur la tourn\u00e9e de livraison des transporteurs et \u00e0 l&#8217;adresse de livraison sp\u00e9cifi\u00e9e par le client. Lors du traitement de la transaction, l&#8217;adresse de destination communiqu\u00e9e durant l&#8217;enregistrement de la commande est important.<br \/>\nSi la soci\u00e9t\u00e9 de transport renvoie les marchandises \u00e0 Damari \u00e0 cause d&#8217;une impossibilit\u00e9 de livraison chez le client, le client devra assumer les co\u00fbts de l&#8217;envoi infructueux.<br \/>\nPour des raisons de logistique, l&#8217;auto-collecte n&#8217;est pas possible.<br \/>\nLe client a l&#8217;obligation de contr\u00f4ler les produits livr\u00e9s imm\u00e9diatement apr\u00e8s r\u00e9ception de la livraison et de signaler tout vice ou d\u00e9faut \u00e0 Damari par \u00e9crit, par lettre ou par courrier \u00e9lectronique.<br \/>\nSi Damari enqu\u00eate sur le retour des marchandises et que les produits ne pr\u00e9sentent pas de d\u00e9fauts ou qu&#8217;ils ne sont pas couverts par la garantie du fabricant, Damari peut facturer au client des frais de retours ou de rejets.<\/li>\n<li><strong>R\u00e9serves <\/strong><br \/>\nLes marchandises restent la propri\u00e9t\u00e9 enti\u00e8re de Damari GmbH jusqu&#8217;\u00e0 ce que le paiement total ait \u00e9t\u00e9 re\u00e7u.<\/li>\n<li><strong>Droit de r\u00e9tractation \/ annulation<\/strong><br \/>\nLe client a le droit d&#8217;annuler ce contrat dans un d\u00e9lai de quatorze jours sans justification.<br \/>\nLa p\u00e9riode de r\u00e9tractation est de quatorze jours \u00e0 compter du jour o\u00f9 le client a pris possession du dernier produit. Cependant, cette p\u00e9riode ne commence que lorsque le contrat d&#8217;achat est devenu obligatoire pour le client en raison de l&#8217;approbation de l&#8217;article achet\u00e9.<br \/>\nPour exercer son droit de r\u00e9tractation, le client doit informer Damari de sa d\u00e9cision de r\u00e9voquer le contrat par le biais d&#8217;une d\u00e9claration claire (par exemple : une lettre, un fax ou un courriel envoy\u00e9 par la poste). Afin de maintenir la p\u00e9riode de r\u00e9tractation, il suffit que le client envoie la notification de l&#8217;exercice de son droit de r\u00e9tractation avant la fin de la dite p\u00e9riode.<br \/>\nCons\u00e9quences de la r\u00e9tractation :<br \/>\nSi le client r\u00e9voque le pr\u00e9sent accord, Damari notifie au client les paiements re\u00e7us par ce dernier, y compris les frais de livraison (\u00e0 l&#8217;exception des co\u00fbts suppl\u00e9mentaires r\u00e9sultant du choix par le client d&#8217;un autre type de livraison que la livraison standard, la livraison la plus abordable propos\u00e9e par Damari)dans un d\u00e9lai de quatorze jours \u00e0 compter de la date \u00e0 laquelle la notification d&#8217;annulation de ce contrat a \u00e9t\u00e9 re\u00e7ue par Damari. Pour le remboursement, Damari utilisera le m\u00eame moyen de paiement que le client a utilis\u00e9 pour la transaction initiale, \u00e0 moins que le client demande express\u00e9ment qu&#8217;il en soit fait autrement. En aucun cas, le client ne sera factur\u00e9 pour les frais de remboursement. Damari peut diff\u00e9rer le remboursement jusqu&#8217;\u00e0 ce que vous ayez renvoy\u00e9 les marchandises ou jusqu&#8217;\u00e0 ce que le client prouve que les marchandises ont bien \u00e9t\u00e9 retourn\u00e9es, selon ce qui arrive en premier.<br \/>\nLe client a l&#8217;obligation de renvoyer les marchandises \u00e0 Damari imm\u00e9diatement ou en tout cas au plus tard quatorze jours \u00e0 compter de sa demande d&#8217;annulation du pr\u00e9sent contrat aupr\u00e8s de Damari. La date limite est respect\u00e9e lorsque le client envoie les marchandises avant la fin de la p\u00e9riode de 14 jours.<br \/>\nLe client assume alors les co\u00fbts directs de retour des marchandises.<br \/>\nLe client ne doit payer une perte \u00e9ventuelle de valeur de la marchandise que si cette d\u00e9valuation est attribuable \u00e0 une manipulation qui n&#8217;est pas n\u00e9cessaire pour l&#8217;examen de la qualit\u00e9, des caract\u00e9ristiques et du fonctionnement de la marchandise.<\/li>\n<\/ol>\n<\/ol>\n<\/ol>\n<p>Exclusion \/ annulation du droit de r\u00e9vocation<br \/>\nUn droit de r\u00e9vocation existe conform\u00e9ment au paragraphe 312g, paragraphe 2 BGB et al. Il ne s&#8217;applique pas dans le cas de contrats de procuration de biens qui ne sont pas pr\u00e9-fabriqu\u00e9s et dont la production est soumise \u00e0 un choix ou la destination pr\u00e9cise \u00e0 un individu par le consommateur ou qui sont clairement et sp\u00e9cifiquement adapt\u00e9s aux besoins personnels du consommateur ( par exemple : Articles personnalis\u00e9s ). Le droite de r\u00e9vocation expire pr\u00e9matur\u00e9ment dans le cas de contrats de livraison de produits scell\u00e9s qui, pour des raisons de sant\u00e9 ou d&#8217;hygi\u00e8ne, ne conviennent pas au retour si leur joint d&#8217;\u00e9tanch\u00e9it\u00e9 a \u00e9t\u00e9 retir\u00e9 apr\u00e8s la livraison.<\/p>\n<ol>\n<ol>\n<li><strong>Politique de confidentialit\u00e9<\/strong><br \/>\nAfin de traiter les demandes et de proc\u00e9der aux commandes, Damari stocke et utilise les donn\u00e9es du client qui nous sont transmises et les transmet \u00e0 des tiers \u00e0 cette fin. Damari se r\u00e9serve \u00e9galement le droit d&#8217;utiliser les donn\u00e9es \u00e0 des fins publicitaires. Le client peut \u00e0 tout moment s&#8217;opposer \u00e0 l&#8217;utilisation de ses donn\u00e9es \u00e0 des fins promotionnelles.<\/li>\n<li><strong>Juridiction<\/strong><br \/>\nNotre entreprise se base sur le droit suisse. Toutes les r\u00e9clamations li\u00e9es aux affaires de l&#8217;entreprise auront donc pour lieu exclusif de juridiction et lieu d&#8217;ex\u00e9cution le domicile de Damari GmbH-Switzerland. Cependant, Damari se r\u00e9serve le droit de poursuivre en justice \u00e9galement dans la juridiction dont d\u00e9pend le client.<\/li>\n<li><strong>Clause de nullit\u00e9<\/strong><br \/>\nSi les dispositions individuelles des pr\u00e9sentes Conditions G\u00e9n\u00e9rales d&#8217;utilisation sont ou deviennent invalides en entier ou en partie ou contiennent un manquement, la validit\u00e9 des dispositions restantes ne sera pas affect\u00e9e. La provision insuffisante ou incompl\u00e8te devra \u00eatre r\u00e9interpr\u00e9t\u00e9e en tant que telle, dans le sens \u00e9conomique et juridique le plus proche possible de la disposition d\u00e9ficiente, mais de fa\u00e7on efficace et \/ ou compl\u00e8te.<\/li>\n<\/ol>\n<\/ol>\n<p>&nbsp;<\/p>\n<p><strong>Damari GmbH &#8211; Schweiz<\/strong><br \/>\nStaldenbachstrasse 18<br \/>\n8808 Pf\u00e4ffikon SZ<br \/>\nSchweiz<\/p>\n<p>Pf\u00e4ffikon, Januar 2019[\/vc_column_text][\/vc_column][\/vc_row]<\/p>\n","protected":false},"excerpt":{"rendered":"<p>[vc_row][vc_column][vc_column_text] Conditions g\u00e9n\u00e9rales Champ d&#8217;application Les pr\u00e9sentes conditions g\u00e9n\u00e9rales s&#8217;appliquent aux relations juridiques contract\u00e9es entre Damari GmbH (ci-dessous d\u00e9sign\u00e9 comme &#8220;Damari&#8221;) et leurs clients dans le cadre d&#8217;offres dans la boutique en ligne. Le passage d&#8217;une commande comprend l&#8217;acceptation de ces conditions par le client. Ces dispositions sont d\u00e9finitives. Toute disposition contraire du client sera [&hellip;]<\/p>\n","protected":false},"author":1,"featured_media":0,"parent":0,"menu_order":0,"comment_status":"closed","ping_status":"closed","template":"","meta":{"_s2mail":""},"yoast_head":"<!-- This site is optimized with the Yoast SEO plugin v16.2 - https:\/\/yoast.com\/wordpress\/plugins\/seo\/ -->\n<title>conditions-generales - Kaloo<\/title>\n<meta name=\"description\" content=\"Voyez ici les Conditions Generales. Si vous avez des questions n&#039;h\u00e9sitez pas de nous contacter.\" \/>\n<meta name=\"robots\" content=\"index, follow, max-snippet:-1, max-image-preview:large, max-video-preview:-1\" \/>\n<link rel=\"canonical\" href=\"https:\/\/www.kaloo.care\/fr\/conditions-generales\/\" \/>\n<meta property=\"og:locale\" content=\"fr_FR\" \/>\n<meta property=\"og:type\" content=\"article\" \/>\n<meta property=\"og:title\" content=\"conditions-generales - Kaloo\" \/>\n<meta property=\"og:description\" content=\"Voyez ici les Conditions Generales. Si vous avez des questions n&#039;h\u00e9sitez pas de nous contacter.\" \/>\n<meta property=\"og:url\" content=\"https:\/\/www.kaloo.care\/fr\/conditions-generales\/\" \/>\n<meta property=\"og:site_name\" content=\"Kaloo parfums\" \/>\n<meta property=\"article:modified_time\" content=\"2019-03-19T12:21:06+00:00\" \/>\n<meta name=\"twitter:card\" content=\"summary\" \/>\n<meta name=\"twitter:label1\" content=\"Dur\u00e9e de lecture est.\">\n\t<meta name=\"twitter:data1\" content=\"7 minutes\">\n<script type=\"application\/ld+json\" class=\"yoast-schema-graph\">{\"@context\":\"https:\/\/schema.org\",\"@graph\":[{\"@type\":\"WebSite\",\"@id\":\"https:\/\/www.kaloo.care\/#website\",\"url\":\"https:\/\/www.kaloo.care\/\",\"name\":\"Kaloo parfums\",\"description\":\"Kaloo parfums - mes premiers parfums\",\"potentialAction\":[{\"@type\":\"SearchAction\",\"target\":\"https:\/\/www.kaloo.care\/?s={search_term_string}\",\"query-input\":\"required name=search_term_string\"}],\"inLanguage\":\"fr-FR\"},{\"@type\":\"WebPage\",\"@id\":\"https:\/\/www.kaloo.care\/fr\/conditions-generales\/#webpage\",\"url\":\"https:\/\/www.kaloo.care\/fr\/conditions-generales\/\",\"name\":\"conditions-generales - Kaloo\",\"isPartOf\":{\"@id\":\"https:\/\/www.kaloo.care\/#website\"},\"datePublished\":\"2016-12-21T10:43:26+00:00\",\"dateModified\":\"2019-03-19T12:21:06+00:00\",\"description\":\"Voyez ici les Conditions Generales. Si vous avez des questions n'h\\u00e9sitez pas de nous contacter.\",\"breadcrumb\":{\"@id\":\"https:\/\/www.kaloo.care\/fr\/conditions-generales\/#breadcrumb\"},\"inLanguage\":\"fr-FR\",\"potentialAction\":[{\"@type\":\"ReadAction\",\"target\":[\"https:\/\/www.kaloo.care\/fr\/conditions-generales\/\"]}]},{\"@type\":\"BreadcrumbList\",\"@id\":\"https:\/\/www.kaloo.care\/fr\/conditions-generales\/#breadcrumb\",\"itemListElement\":[{\"@type\":\"ListItem\",\"position\":1,\"item\":{\"@type\":\"WebPage\",\"@id\":\"https:\/\/www.kaloo.care\/fr\/\",\"url\":\"https:\/\/www.kaloo.care\/fr\/\",\"name\":\"Home\"}},{\"@type\":\"ListItem\",\"position\":2,\"item\":{\"@id\":\"https:\/\/www.kaloo.care\/fr\/conditions-generales\/#webpage\"}}]}]}<\/script>\n<!-- \/ Yoast SEO plugin. -->","_links":{"self":[{"href":"https:\/\/www.kaloo.care\/fr\/wp-json\/wp\/v2\/pages\/4799"}],"collection":[{"href":"https:\/\/www.kaloo.care\/fr\/wp-json\/wp\/v2\/pages"}],"about":[{"href":"https:\/\/www.kaloo.care\/fr\/wp-json\/wp\/v2\/types\/page"}],"author":[{"embeddable":true,"href":"https:\/\/www.kaloo.care\/fr\/wp-json\/wp\/v2\/users\/1"}],"replies":[{"embeddable":true,"href":"https:\/\/www.kaloo.care\/fr\/wp-json\/wp\/v2\/comments?post=4799"}],"version-history":[{"count":7,"href":"https:\/\/www.kaloo.care\/fr\/wp-json\/wp\/v2\/pages\/4799\/revisions"}],"predecessor-version":[{"id":6345,"href":"https:\/\/www.kaloo.care\/fr\/wp-json\/wp\/v2\/pages\/4799\/revisions\/6345"}],"wp:attachment":[{"href":"https:\/\/www.kaloo.care\/fr\/wp-json\/wp\/v2\/media?parent=4799"}],"curies":[{"name":"wp","href":"https:\/\/api.w.org\/{rel}","templated":true}]}}